{"id":75,"date":"2025-07-21T17:06:13","date_gmt":"2025-07-21T17:06:13","guid":{"rendered":"https:\/\/hotel-vieille-etable.com\/?page_id=75"},"modified":"2025-07-21T17:06:21","modified_gmt":"2025-07-21T17:06:21","slug":"contacter-la-vieille-etable","status":"publish","type":"page","link":"https:\/\/hotel-vieille-etable.com\/contact.html","title":{"rendered":"Contacter La Vieille Etable"},"content":{"rendered":"\n<p><strong>Vous pouvez nous contacter par :<\/strong><br><br>&#8211; voie postale : &#8220;La Vieille Etable&#8221; &#8211; Les Plantes &#8211; 16440 ROULLET<br><br>&#8211; par t\u00e9l\u00e9phone : 05.45.66.31.75<br><br>&#8211; par internet : <a href=\"mailto:hotel-vieille-etable@maillin.me\">hotel-vieille-etable@maillin.me<\/a><br><br><strong>Vous pouvez \u00e9galement faire une r\u00e9servation :<\/strong><br><br>Compl\u00e9ter le formulaire ci-dessous, nous vous r\u00e9pondrons dans les plus brefs d\u00e9lais.<\/p>\n","protected":false},"excerpt":{"rendered":"<p>Vous pouvez nous contacter par : &#8211; voie postale : &#8220;La Vieille Etable&#8221; &#8211; Les Plantes &#8211; 16440 ROULLET &#8211; par t\u00e9l\u00e9phone : 05.45.66.31.75 &#8211; par internet : hotel-vieille-etable@maillin.me Vous pouvez \u00e9galement faire une r\u00e9servation : Compl\u00e9ter le formulaire ci-dessous, nous vous r\u00e9pondrons dans les plus brefs d\u00e9lais.<\/p>\n","protected":false},"author":1,"featured_media":0,"parent":0,"menu_order":0,"comment_status":"closed","ping_status":"closed","template":"","meta":{"footnotes":""},"class_list":["post-75","page","type-page","status-publish","hentry"],"yoast_head":"<!-- This site is optimized with the Yoast SEO plugin v25.6 - https:\/\/yoast.com\/wordpress\/plugins\/seo\/ -->\n<title>Contacter La Vieille Etable - Hotel Restaurant &quot;La Vieille Etable&quot; \u00e0 Roullet vers Angouleme en Charente<\/title>\n<meta name=\"description\" content=\"Compl\u00e9ter le formulaire ci-dessous, nous vous r\u00e9pondrons dans les plus brefs d\u00e9lais.\" \/>\n<meta name=\"robots\" content=\"index, follow, max-snippet:-1, max-image-preview:large, max-video-preview:-1\" \/>\n<link rel=\"canonical\" href=\"https:\/\/hotel-vieille-etable.com\/contact.html\" \/>\n<meta property=\"og:locale\" content=\"en_US\" \/>\n<meta property=\"og:type\" content=\"article\" \/>\n<meta property=\"og:title\" content=\"Contacter La Vieille Etable - Hotel Restaurant &quot;La Vieille Etable&quot; \u00e0 Roullet vers Angouleme en Charente\" \/>\n<meta property=\"og:description\" content=\"Compl\u00e9ter le formulaire ci-dessous, nous vous r\u00e9pondrons dans les plus brefs d\u00e9lais.\" \/>\n<meta property=\"og:url\" content=\"https:\/\/hotel-vieille-etable.com\/contact.html\" \/>\n<meta property=\"og:site_name\" content=\"No Blog Title Set\" \/>\n<meta property=\"article:modified_time\" content=\"2025-07-21T17:06:21+00:00\" \/>\n<meta name=\"twitter:card\" content=\"summary_large_image\" \/>\n<meta name=\"twitter:label1\" content=\"Est. reading time\" \/>\n\t<meta name=\"twitter:data1\" content=\"1 minute\" \/>\n<script type=\"application\/ld+json\" class=\"yoast-schema-graph\">{\"@context\":\"https:\/\/schema.org\",\"@graph\":[{\"@type\":\"WebPage\",\"@id\":\"https:\/\/hotel-vieille-etable.com\/contact.html\",\"url\":\"https:\/\/hotel-vieille-etable.com\/contact.html\",\"name\":\"Contacter La Vieille Etable - Hotel Restaurant \\\"La Vieille Etable\\\" \u00e0 Roullet vers Angouleme en Charente\",\"isPartOf\":{\"@id\":\"https:\/\/hotel-vieille-etable.com\/#website\"},\"datePublished\":\"2025-07-21T17:06:13+00:00\",\"dateModified\":\"2025-07-21T17:06:21+00:00\",\"description\":\"Compl\u00e9ter le formulaire ci-dessous, nous vous r\u00e9pondrons dans les plus brefs d\u00e9lais.\",\"breadcrumb\":{\"@id\":\"https:\/\/hotel-vieille-etable.com\/contact.html#breadcrumb\"},\"inLanguage\":\"en-US\",\"potentialAction\":[{\"@type\":\"ReadAction\",\"target\":[\"https:\/\/hotel-vieille-etable.com\/contact.html\"]}]},{\"@type\":\"BreadcrumbList\",\"@id\":\"https:\/\/hotel-vieille-etable.com\/contact.html#breadcrumb\",\"itemListElement\":[{\"@type\":\"ListItem\",\"position\":1,\"name\":\"Home\",\"item\":\"https:\/\/hotel-vieille-etable.com\/\"},{\"@type\":\"ListItem\",\"position\":2,\"name\":\"Contacter La Vieille Etable\"}]},{\"@type\":\"WebSite\",\"@id\":\"https:\/\/hotel-vieille-etable.com\/#website\",\"url\":\"https:\/\/hotel-vieille-etable.com\/\",\"name\":\"No Blog Title Set\",\"description\":\"\",\"publisher\":{\"@id\":\"https:\/\/hotel-vieille-etable.com\/#organization\"},\"potentialAction\":[{\"@type\":\"SearchAction\",\"target\":{\"@type\":\"EntryPoint\",\"urlTemplate\":\"https:\/\/hotel-vieille-etable.com\/?s={search_term_string}\"},\"query-input\":{\"@type\":\"PropertyValueSpecification\",\"valueRequired\":true,\"valueName\":\"search_term_string\"}}],\"inLanguage\":\"en-US\"},{\"@type\":\"Organization\",\"@id\":\"https:\/\/hotel-vieille-etable.com\/#organization\",\"name\":\"No Blog Title Set\",\"url\":\"https:\/\/hotel-vieille-etable.com\/\",\"logo\":{\"@type\":\"ImageObject\",\"inLanguage\":\"en-US\",\"@id\":\"https:\/\/hotel-vieille-etable.com\/#\/schema\/logo\/image\/\",\"url\":\"https:\/\/hotel-vieille-etable.com\/wp-content\/uploads\/2025\/07\/0aabe000-f0a0-4dc9-996b-b842cd0b6d07_removalai_preview.png\",\"contentUrl\":\"https:\/\/hotel-vieille-etable.com\/wp-content\/uploads\/2025\/07\/0aabe000-f0a0-4dc9-996b-b842cd0b6d07_removalai_preview.png\",\"width\":227,\"height\":72,\"caption\":\"No Blog Title Set\"},\"image\":{\"@id\":\"https:\/\/hotel-vieille-etable.com\/#\/schema\/logo\/image\/\"}}]}<\/script>\n<!-- \/ Yoast SEO plugin. -->","yoast_head_json":{"title":"Contacter La Vieille Etable - Hotel Restaurant \"La Vieille Etable\" \u00e0 Roullet vers Angouleme en Charente","description":"Compl\u00e9ter le formulaire ci-dessous, nous vous r\u00e9pondrons dans les plus brefs d\u00e9lais.","robots":{"index":"index","follow":"follow","max-snippet":"max-snippet:-1","max-image-preview":"max-image-preview:large","max-video-preview":"max-video-preview:-1"},"canonical":"https:\/\/hotel-vieille-etable.com\/contact.html","og_locale":"en_US","og_type":"article","og_title":"Contacter La Vieille Etable - Hotel Restaurant \"La Vieille Etable\" \u00e0 Roullet vers Angouleme en Charente","og_description":"Compl\u00e9ter le formulaire ci-dessous, nous vous r\u00e9pondrons dans les plus brefs d\u00e9lais.","og_url":"https:\/\/hotel-vieille-etable.com\/contact.html","og_site_name":"No Blog Title Set","article_modified_time":"2025-07-21T17:06:21+00:00","twitter_card":"summary_large_image","twitter_misc":{"Est. reading time":"1 minute"},"schema":{"@context":"https:\/\/schema.org","@graph":[{"@type":"WebPage","@id":"https:\/\/hotel-vieille-etable.com\/contact.html","url":"https:\/\/hotel-vieille-etable.com\/contact.html","name":"Contacter La Vieille Etable - Hotel Restaurant \"La Vieille Etable\" \u00e0 Roullet vers Angouleme en Charente","isPartOf":{"@id":"https:\/\/hotel-vieille-etable.com\/#website"},"datePublished":"2025-07-21T17:06:13+00:00","dateModified":"2025-07-21T17:06:21+00:00","description":"Compl\u00e9ter le formulaire ci-dessous, nous vous r\u00e9pondrons dans les plus brefs d\u00e9lais.","breadcrumb":{"@id":"https:\/\/hotel-vieille-etable.com\/contact.html#breadcrumb"},"inLanguage":"en-US","potentialAction":[{"@type":"ReadAction","target":["https:\/\/hotel-vieille-etable.com\/contact.html"]}]},{"@type":"BreadcrumbList","@id":"https:\/\/hotel-vieille-etable.com\/contact.html#breadcrumb","itemListElement":[{"@type":"ListItem","position":1,"name":"Home","item":"https:\/\/hotel-vieille-etable.com\/"},{"@type":"ListItem","position":2,"name":"Contacter La Vieille Etable"}]},{"@type":"WebSite","@id":"https:\/\/hotel-vieille-etable.com\/#website","url":"https:\/\/hotel-vieille-etable.com\/","name":"No Blog Title Set","description":"","publisher":{"@id":"https:\/\/hotel-vieille-etable.com\/#organization"},"potentialAction":[{"@type":"SearchAction","target":{"@type":"EntryPoint","urlTemplate":"https:\/\/hotel-vieille-etable.com\/?s={search_term_string}"},"query-input":{"@type":"PropertyValueSpecification","valueRequired":true,"valueName":"search_term_string"}}],"inLanguage":"en-US"},{"@type":"Organization","@id":"https:\/\/hotel-vieille-etable.com\/#organization","name":"No Blog Title Set","url":"https:\/\/hotel-vieille-etable.com\/","logo":{"@type":"ImageObject","inLanguage":"en-US","@id":"https:\/\/hotel-vieille-etable.com\/#\/schema\/logo\/image\/","url":"https:\/\/hotel-vieille-etable.com\/wp-content\/uploads\/2025\/07\/0aabe000-f0a0-4dc9-996b-b842cd0b6d07_removalai_preview.png","contentUrl":"https:\/\/hotel-vieille-etable.com\/wp-content\/uploads\/2025\/07\/0aabe000-f0a0-4dc9-996b-b842cd0b6d07_removalai_preview.png","width":227,"height":72,"caption":"No Blog Title Set"},"image":{"@id":"https:\/\/hotel-vieille-etable.com\/#\/schema\/logo\/image\/"}}]}},"_links":{"self":[{"href":"https:\/\/hotel-vieille-etable.com\/index.php\/wp-json\/wp\/v2\/pages\/75","targetHints":{"allow":["GET"]}}],"collection":[{"href":"https:\/\/hotel-vieille-etable.com\/index.php\/wp-json\/wp\/v2\/pages"}],"about":[{"href":"https:\/\/hotel-vieille-etable.com\/index.php\/wp-json\/wp\/v2\/types\/page"}],"author":[{"embeddable":true,"href":"https:\/\/hotel-vieille-etable.com\/index.php\/wp-json\/wp\/v2\/users\/1"}],"replies":[{"embeddable":true,"href":"https:\/\/hotel-vieille-etable.com\/index.php\/wp-json\/wp\/v2\/comments?post=75"}],"version-history":[{"count":1,"href":"https:\/\/hotel-vieille-etable.com\/index.php\/wp-json\/wp\/v2\/pages\/75\/revisions"}],"predecessor-version":[{"id":76,"href":"https:\/\/hotel-vieille-etable.com\/index.php\/wp-json\/wp\/v2\/pages\/75\/revisions\/76"}],"wp:attachment":[{"href":"https:\/\/hotel-vieille-etable.com\/index.php\/wp-json\/wp\/v2\/media?parent=75"}],"curies":[{"name":"wp","href":"https:\/\/api.w.org\/{rel}","templated":true}]}}