{"id":72,"date":"2025-07-21T17:04:19","date_gmt":"2025-07-21T17:04:19","guid":{"rendered":"https:\/\/hotel-vieille-etable.com\/?page_id=72"},"modified":"2025-07-21T17:22:32","modified_gmt":"2025-07-21T17:22:32","slug":"la-situation-geographique-de-la-vieille-etable","status":"publish","type":"page","link":"https:\/\/hotel-vieille-etable.com\/situation.html","title":{"rendered":"La situation g\u00e9ographique de La Vieille Etable"},"content":{"rendered":"\n<figure class=\"wp-block-image aligncenter size-full\"><img loading=\"lazy\" decoding=\"async\" width=\"315\" height=\"290\" src=\"https:\/\/hotel-vieille-etable.com\/wp-content\/uploads\/2025\/07\/plan-acces-01.png\" alt=\"La situation g\u00e9ographique de La Vieille Etable\n\" class=\"wp-image-73\" srcset=\"https:\/\/hotel-vieille-etable.com\/wp-content\/uploads\/2025\/07\/plan-acces-01.png 315w, https:\/\/hotel-vieille-etable.com\/wp-content\/uploads\/2025\/07\/plan-acces-01-300x276.png 300w\" sizes=\"auto, (max-width: 315px) 100vw, 315px\" \/><\/figure>\n\n\n\n<p>L&#8217;Hotel*** Restaurant &#8220;La Vieille Etable&#8221; est situ\u00e9 \u00e0 Roullet.<br><br><strong>De Paris :<\/strong><br>&#8211; Direction Bordeaux<br>&#8211; Sortie &#8220;Roullet Centre&#8221;<br>&#8211; Suivre &#8220;Roullet Centre Ville&#8221;<br>&#8211; Puis suivre les panneaux &#8220;La Vieille Etable&#8221; sur D42 (Direction Mouthiers)<br><br><strong>De Bordeaux :<\/strong><br>&#8211; Direction PARIS<br>&#8211; Sortie &#8220;Roullet Centre&#8221;<br>&#8211; Suivre &#8220;Roullet Centre Ville&#8221;<br>&#8211; Puis suivre les panneaux &#8220;La Vieille Etable&#8221; sur D42 (Direction Mouthiers)<br><strong><br>Coordonn\u00e9es GPS :<\/strong><br>Latidude : 45\u00b0 34&#8242; 32&#8243; N<br>Longitude : 0\u00b0 3&#8242; 39&#8243; E<br><br>A\u00e9roport International Angoul\u00eame-Cognac \u00e0 20 km<br>Gare d&#8217;Angoul\u00eame \u00e0 15 Km<br>R.N.10 : Sortie Roullet centre<\/p>\n","protected":false},"excerpt":{"rendered":"<p>L&#8217;Hotel*** Restaurant &#8220;La Vieille Etable&#8221; est situ\u00e9 \u00e0 Roullet. De Paris :&#8211; Direction Bordeaux&#8211; Sortie &#8220;Roullet Centre&#8221;&#8211; Suivre &#8220;Roullet Centre Ville&#8221;&#8211; Puis suivre les panneaux &#8220;La Vieille Etable&#8221; sur D42 (Direction Mouthiers) De Bordeaux :&#8211; Direction PARIS&#8211; Sortie &#8220;Roullet Centre&#8221;&#8211; Suivre &#8220;Roullet Centre Ville&#8221;&#8211; Puis suivre les panneaux &#8220;La Vieille Etable&#8221; sur D42 (Direction Mouthiers)Coordonn\u00e9es [&hellip;]<\/p>\n","protected":false},"author":1,"featured_media":0,"parent":0,"menu_order":0,"comment_status":"closed","ping_status":"closed","template":"","meta":{"footnotes":""},"class_list":["post-72","page","type-page","status-publish","hentry"],"yoast_head":"<!-- This site is optimized with the Yoast SEO plugin v25.6 - https:\/\/yoast.com\/wordpress\/plugins\/seo\/ -->\n<title>La situation g\u00e9ographique de La Vieille Etable - Hotel Restaurant &quot;La Vieille Etable&quot; \u00e0 Roullet vers Angouleme en Charente<\/title>\n<meta name=\"description\" content=\"La situation g\u00e9ographique de La Vieille EtableL&#039;Hotel*** Restaurant &quot;La Vieille Etable&quot; est situ\u00e9 \u00e0 Roullet.\" \/>\n<meta name=\"robots\" content=\"index, follow, max-snippet:-1, max-image-preview:large, max-video-preview:-1\" \/>\n<link rel=\"canonical\" href=\"https:\/\/hotel-vieille-etable.com\/situation.html\" \/>\n<meta property=\"og:locale\" content=\"en_US\" \/>\n<meta property=\"og:type\" content=\"article\" \/>\n<meta property=\"og:title\" content=\"La situation g\u00e9ographique de La Vieille Etable - Hotel Restaurant &quot;La Vieille Etable&quot; \u00e0 Roullet vers Angouleme en Charente\" \/>\n<meta property=\"og:description\" content=\"La situation g\u00e9ographique de La Vieille EtableL&#039;Hotel*** Restaurant &quot;La Vieille Etable&quot; est situ\u00e9 \u00e0 Roullet.\" \/>\n<meta property=\"og:url\" content=\"https:\/\/hotel-vieille-etable.com\/situation.html\" \/>\n<meta property=\"og:site_name\" content=\"No Blog Title Set\" \/>\n<meta property=\"article:modified_time\" content=\"2025-07-21T17:22:32+00:00\" \/>\n<meta property=\"og:image\" content=\"https:\/\/hotel-vieille-etable.com\/wp-content\/uploads\/2025\/07\/plan-acces-01.png\" \/>\n\t<meta property=\"og:image:width\" content=\"315\" \/>\n\t<meta property=\"og:image:height\" content=\"290\" \/>\n\t<meta property=\"og:image:type\" content=\"image\/png\" \/>\n<meta name=\"twitter:card\" content=\"summary_large_image\" \/>\n<meta name=\"twitter:label1\" content=\"Est. reading time\" \/>\n\t<meta name=\"twitter:data1\" content=\"1 minute\" \/>\n<script type=\"application\/ld+json\" class=\"yoast-schema-graph\">{\"@context\":\"https:\/\/schema.org\",\"@graph\":[{\"@type\":\"WebPage\",\"@id\":\"https:\/\/hotel-vieille-etable.com\/situation.html\",\"url\":\"https:\/\/hotel-vieille-etable.com\/situation.html\",\"name\":\"La situation g\u00e9ographique de La Vieille Etable - Hotel Restaurant \\\"La Vieille Etable\\\" \u00e0 Roullet vers Angouleme en Charente\",\"isPartOf\":{\"@id\":\"https:\/\/hotel-vieille-etable.com\/#website\"},\"primaryImageOfPage\":{\"@id\":\"https:\/\/hotel-vieille-etable.com\/situation.html#primaryimage\"},\"image\":{\"@id\":\"https:\/\/hotel-vieille-etable.com\/situation.html#primaryimage\"},\"thumbnailUrl\":\"https:\/\/hotel-vieille-etable.com\/wp-content\/uploads\/2025\/07\/plan-acces-01.png\",\"datePublished\":\"2025-07-21T17:04:19+00:00\",\"dateModified\":\"2025-07-21T17:22:32+00:00\",\"description\":\"La situation g\u00e9ographique de La Vieille EtableL'Hotel*** Restaurant \\\"La Vieille Etable\\\" est situ\u00e9 \u00e0 Roullet.\",\"breadcrumb\":{\"@id\":\"https:\/\/hotel-vieille-etable.com\/situation.html#breadcrumb\"},\"inLanguage\":\"en-US\",\"potentialAction\":[{\"@type\":\"ReadAction\",\"target\":[\"https:\/\/hotel-vieille-etable.com\/situation.html\"]}]},{\"@type\":\"ImageObject\",\"inLanguage\":\"en-US\",\"@id\":\"https:\/\/hotel-vieille-etable.com\/situation.html#primaryimage\",\"url\":\"https:\/\/hotel-vieille-etable.com\/wp-content\/uploads\/2025\/07\/plan-acces-01.png\",\"contentUrl\":\"https:\/\/hotel-vieille-etable.com\/wp-content\/uploads\/2025\/07\/plan-acces-01.png\",\"width\":315,\"height\":290},{\"@type\":\"BreadcrumbList\",\"@id\":\"https:\/\/hotel-vieille-etable.com\/situation.html#breadcrumb\",\"itemListElement\":[{\"@type\":\"ListItem\",\"position\":1,\"name\":\"Home\",\"item\":\"https:\/\/hotel-vieille-etable.com\/\"},{\"@type\":\"ListItem\",\"position\":2,\"name\":\"La situation g\u00e9ographique de La Vieille Etable\"}]},{\"@type\":\"WebSite\",\"@id\":\"https:\/\/hotel-vieille-etable.com\/#website\",\"url\":\"https:\/\/hotel-vieille-etable.com\/\",\"name\":\"No Blog Title Set\",\"description\":\"\",\"publisher\":{\"@id\":\"https:\/\/hotel-vieille-etable.com\/#organization\"},\"potentialAction\":[{\"@type\":\"SearchAction\",\"target\":{\"@type\":\"EntryPoint\",\"urlTemplate\":\"https:\/\/hotel-vieille-etable.com\/?s={search_term_string}\"},\"query-input\":{\"@type\":\"PropertyValueSpecification\",\"valueRequired\":true,\"valueName\":\"search_term_string\"}}],\"inLanguage\":\"en-US\"},{\"@type\":\"Organization\",\"@id\":\"https:\/\/hotel-vieille-etable.com\/#organization\",\"name\":\"No Blog Title Set\",\"url\":\"https:\/\/hotel-vieille-etable.com\/\",\"logo\":{\"@type\":\"ImageObject\",\"inLanguage\":\"en-US\",\"@id\":\"https:\/\/hotel-vieille-etable.com\/#\/schema\/logo\/image\/\",\"url\":\"https:\/\/hotel-vieille-etable.com\/wp-content\/uploads\/2025\/07\/0aabe000-f0a0-4dc9-996b-b842cd0b6d07_removalai_preview.png\",\"contentUrl\":\"https:\/\/hotel-vieille-etable.com\/wp-content\/uploads\/2025\/07\/0aabe000-f0a0-4dc9-996b-b842cd0b6d07_removalai_preview.png\",\"width\":227,\"height\":72,\"caption\":\"No Blog Title Set\"},\"image\":{\"@id\":\"https:\/\/hotel-vieille-etable.com\/#\/schema\/logo\/image\/\"}}]}<\/script>\n<!-- \/ Yoast SEO plugin. -->","yoast_head_json":{"title":"La situation g\u00e9ographique de La Vieille Etable - Hotel Restaurant \"La Vieille Etable\" \u00e0 Roullet vers Angouleme en Charente","description":"La situation g\u00e9ographique de La Vieille EtableL'Hotel*** Restaurant \"La Vieille Etable\" est situ\u00e9 \u00e0 Roullet.","robots":{"index":"index","follow":"follow","max-snippet":"max-snippet:-1","max-image-preview":"max-image-preview:large","max-video-preview":"max-video-preview:-1"},"canonical":"https:\/\/hotel-vieille-etable.com\/situation.html","og_locale":"en_US","og_type":"article","og_title":"La situation g\u00e9ographique de La Vieille Etable - Hotel Restaurant \"La Vieille Etable\" \u00e0 Roullet vers Angouleme en Charente","og_description":"La situation g\u00e9ographique de La Vieille EtableL'Hotel*** Restaurant \"La Vieille Etable\" est situ\u00e9 \u00e0 Roullet.","og_url":"https:\/\/hotel-vieille-etable.com\/situation.html","og_site_name":"No Blog Title Set","article_modified_time":"2025-07-21T17:22:32+00:00","og_image":[{"width":315,"height":290,"url":"https:\/\/hotel-vieille-etable.com\/wp-content\/uploads\/2025\/07\/plan-acces-01.png","type":"image\/png"}],"twitter_card":"summary_large_image","twitter_misc":{"Est. reading time":"1 minute"},"schema":{"@context":"https:\/\/schema.org","@graph":[{"@type":"WebPage","@id":"https:\/\/hotel-vieille-etable.com\/situation.html","url":"https:\/\/hotel-vieille-etable.com\/situation.html","name":"La situation g\u00e9ographique de La Vieille Etable - Hotel Restaurant \"La Vieille Etable\" \u00e0 Roullet vers Angouleme en Charente","isPartOf":{"@id":"https:\/\/hotel-vieille-etable.com\/#website"},"primaryImageOfPage":{"@id":"https:\/\/hotel-vieille-etable.com\/situation.html#primaryimage"},"image":{"@id":"https:\/\/hotel-vieille-etable.com\/situation.html#primaryimage"},"thumbnailUrl":"https:\/\/hotel-vieille-etable.com\/wp-content\/uploads\/2025\/07\/plan-acces-01.png","datePublished":"2025-07-21T17:04:19+00:00","dateModified":"2025-07-21T17:22:32+00:00","description":"La situation g\u00e9ographique de La Vieille EtableL'Hotel*** Restaurant \"La Vieille Etable\" est situ\u00e9 \u00e0 Roullet.","breadcrumb":{"@id":"https:\/\/hotel-vieille-etable.com\/situation.html#breadcrumb"},"inLanguage":"en-US","potentialAction":[{"@type":"ReadAction","target":["https:\/\/hotel-vieille-etable.com\/situation.html"]}]},{"@type":"ImageObject","inLanguage":"en-US","@id":"https:\/\/hotel-vieille-etable.com\/situation.html#primaryimage","url":"https:\/\/hotel-vieille-etable.com\/wp-content\/uploads\/2025\/07\/plan-acces-01.png","contentUrl":"https:\/\/hotel-vieille-etable.com\/wp-content\/uploads\/2025\/07\/plan-acces-01.png","width":315,"height":290},{"@type":"BreadcrumbList","@id":"https:\/\/hotel-vieille-etable.com\/situation.html#breadcrumb","itemListElement":[{"@type":"ListItem","position":1,"name":"Home","item":"https:\/\/hotel-vieille-etable.com\/"},{"@type":"ListItem","position":2,"name":"La situation g\u00e9ographique de La Vieille Etable"}]},{"@type":"WebSite","@id":"https:\/\/hotel-vieille-etable.com\/#website","url":"https:\/\/hotel-vieille-etable.com\/","name":"No Blog Title Set","description":"","publisher":{"@id":"https:\/\/hotel-vieille-etable.com\/#organization"},"potentialAction":[{"@type":"SearchAction","target":{"@type":"EntryPoint","urlTemplate":"https:\/\/hotel-vieille-etable.com\/?s={search_term_string}"},"query-input":{"@type":"PropertyValueSpecification","valueRequired":true,"valueName":"search_term_string"}}],"inLanguage":"en-US"},{"@type":"Organization","@id":"https:\/\/hotel-vieille-etable.com\/#organization","name":"No Blog Title Set","url":"https:\/\/hotel-vieille-etable.com\/","logo":{"@type":"ImageObject","inLanguage":"en-US","@id":"https:\/\/hotel-vieille-etable.com\/#\/schema\/logo\/image\/","url":"https:\/\/hotel-vieille-etable.com\/wp-content\/uploads\/2025\/07\/0aabe000-f0a0-4dc9-996b-b842cd0b6d07_removalai_preview.png","contentUrl":"https:\/\/hotel-vieille-etable.com\/wp-content\/uploads\/2025\/07\/0aabe000-f0a0-4dc9-996b-b842cd0b6d07_removalai_preview.png","width":227,"height":72,"caption":"No Blog Title Set"},"image":{"@id":"https:\/\/hotel-vieille-etable.com\/#\/schema\/logo\/image\/"}}]}},"_links":{"self":[{"href":"https:\/\/hotel-vieille-etable.com\/index.php\/wp-json\/wp\/v2\/pages\/72","targetHints":{"allow":["GET"]}}],"collection":[{"href":"https:\/\/hotel-vieille-etable.com\/index.php\/wp-json\/wp\/v2\/pages"}],"about":[{"href":"https:\/\/hotel-vieille-etable.com\/index.php\/wp-json\/wp\/v2\/types\/page"}],"author":[{"embeddable":true,"href":"https:\/\/hotel-vieille-etable.com\/index.php\/wp-json\/wp\/v2\/users\/1"}],"replies":[{"embeddable":true,"href":"https:\/\/hotel-vieille-etable.com\/index.php\/wp-json\/wp\/v2\/comments?post=72"}],"version-history":[{"count":2,"href":"https:\/\/hotel-vieille-etable.com\/index.php\/wp-json\/wp\/v2\/pages\/72\/revisions"}],"predecessor-version":[{"id":90,"href":"https:\/\/hotel-vieille-etable.com\/index.php\/wp-json\/wp\/v2\/pages\/72\/revisions\/90"}],"wp:attachment":[{"href":"https:\/\/hotel-vieille-etable.com\/index.php\/wp-json\/wp\/v2\/media?parent=72"}],"curies":[{"name":"wp","href":"https:\/\/api.w.org\/{rel}","templated":true}]}}