{"id":62,"date":"2025-07-21T16:58:51","date_gmt":"2025-07-21T16:58:51","guid":{"rendered":"https:\/\/hotel-vieille-etable.com\/?page_id=62"},"modified":"2025-07-21T16:58:58","modified_gmt":"2025-07-21T16:58:58","slug":"le-restaurant-proche-dangouleme","status":"publish","type":"page","link":"https:\/\/hotel-vieille-etable.com\/le-restaurant.html","title":{"rendered":"Le Restaurant proche d&#8217;Angouleme"},"content":{"rendered":"\n<p>En cuisine, le Chef Philippe MANDON, Ma\u00eetre-Restaurateur, \u00e0 partir des produits r\u00e9gionaux, frais et choisis au march\u00e9, mitonne une gastronomie innovante, honor\u00e9e d&#8217;une agr\u00e9able terrasse d&#8217;\u00e9t\u00e9. Une belle table adapt\u00e9e aux s\u00e9minaires, repas d&#8217;affaires et tous \u00e9v\u00e8nements familiaux jusqu&#8217;\u00e0 100 personnes.<\/p>\n\n\n\n<p>Du lundi au vendredi (midi et soir), le Chef vous propose son menu du march\u00e9 \u00e0 23 \u20ac.<\/p>\n\n\n\n<div class=\"wp-block-columns is-layout-flex wp-container-core-columns-is-layout-28f84493 wp-block-columns-is-layout-flex\">\n<div class=\"wp-block-column is-layout-flow wp-block-column-is-layout-flow\">\n<p>&#8211; Carte gastronomique.<br>&#8211; Menu sp\u00e9cial Week-end avec ap\u00e9ritif, vin et caf\u00e9 compris \u00e0 50 \u20ac.<br><br><strong>Pour vos mariages :<\/strong> Consulter nos offres<br><\/p>\n\n\n\n<p><strong>Menu Saint-Valentin :<\/strong> D\u00e9couvrez notre offre<\/p>\n<\/div>\n\n\n\n<div class=\"wp-block-column is-layout-flow wp-block-column-is-layout-flow\">\n<p><strong>Vos Menus :<\/strong><br>&#8211; Menu &#8220;Les Plantes&#8221;<br>&#8211; Menu &#8220;Vieille Etable&#8221; \u00e0 30 \u20ac<br>&#8211; La Carte<br>&#8211; Menu V\u00e9g\u00e9tarien suivant saison et arrivage<br><br><strong>Pour les enfants :<\/strong><br>&#8211; Menu \u00e0 15 \u20ac ou \u00e0 21 \u20ac<\/p>\n<\/div>\n<\/div>\n","protected":false},"excerpt":{"rendered":"<p>En cuisine, le Chef Philippe MANDON, Ma\u00eetre-Restaurateur, \u00e0 partir des produits r\u00e9gionaux, frais et choisis au march\u00e9, mitonne une gastronomie innovante, honor\u00e9e d&#8217;une agr\u00e9able terrasse d&#8217;\u00e9t\u00e9. Une belle table adapt\u00e9e aux s\u00e9minaires, repas d&#8217;affaires et tous \u00e9v\u00e8nements familiaux jusqu&#8217;\u00e0 100 personnes. Du lundi au vendredi (midi et soir), le Chef vous propose son menu du [&hellip;]<\/p>\n","protected":false},"author":1,"featured_media":0,"parent":0,"menu_order":0,"comment_status":"closed","ping_status":"closed","template":"","meta":{"footnotes":""},"class_list":["post-62","page","type-page","status-publish","hentry"],"yoast_head":"<!-- This site is optimized with the Yoast SEO plugin v25.6 - https:\/\/yoast.com\/wordpress\/plugins\/seo\/ -->\n<title>Le Restaurant proche d&#039;Angouleme - Hotel Restaurant &quot;La Vieille Etable&quot; \u00e0 Roullet vers Angouleme en Charente<\/title>\n<meta name=\"description\" content=\"A 15 Km au sud d&#039;Angoul\u00eame, La Vieille Etable est un restaurant gastronomique \u00e0 Roullet\" \/>\n<meta name=\"robots\" content=\"index, follow, max-snippet:-1, max-image-preview:large, max-video-preview:-1\" \/>\n<link rel=\"canonical\" href=\"https:\/\/hotel-vieille-etable.com\/le-restaurant.html\" \/>\n<meta property=\"og:locale\" content=\"en_US\" \/>\n<meta property=\"og:type\" content=\"article\" \/>\n<meta property=\"og:title\" content=\"Le Restaurant proche d&#039;Angouleme - Hotel Restaurant &quot;La Vieille Etable&quot; \u00e0 Roullet vers Angouleme en Charente\" \/>\n<meta property=\"og:description\" content=\"A 15 Km au sud d&#039;Angoul\u00eame, La Vieille Etable est un restaurant gastronomique \u00e0 Roullet\" \/>\n<meta property=\"og:url\" content=\"https:\/\/hotel-vieille-etable.com\/le-restaurant.html\" \/>\n<meta property=\"og:site_name\" content=\"No Blog Title Set\" \/>\n<meta property=\"article:modified_time\" content=\"2025-07-21T16:58:58+00:00\" \/>\n<meta name=\"twitter:card\" content=\"summary_large_image\" \/>\n<meta name=\"twitter:label1\" content=\"Est. reading time\" \/>\n\t<meta name=\"twitter:data1\" content=\"1 minute\" \/>\n<script type=\"application\/ld+json\" class=\"yoast-schema-graph\">{\"@context\":\"https:\/\/schema.org\",\"@graph\":[{\"@type\":\"WebPage\",\"@id\":\"https:\/\/hotel-vieille-etable.com\/le-restaurant.html\",\"url\":\"https:\/\/hotel-vieille-etable.com\/le-restaurant.html\",\"name\":\"Le Restaurant proche d'Angouleme - Hotel Restaurant \\\"La Vieille Etable\\\" \u00e0 Roullet vers Angouleme en Charente\",\"isPartOf\":{\"@id\":\"https:\/\/hotel-vieille-etable.com\/#website\"},\"datePublished\":\"2025-07-21T16:58:51+00:00\",\"dateModified\":\"2025-07-21T16:58:58+00:00\",\"description\":\"A 15 Km au sud d'Angoul\u00eame, La Vieille Etable est un restaurant gastronomique \u00e0 Roullet\",\"breadcrumb\":{\"@id\":\"https:\/\/hotel-vieille-etable.com\/le-restaurant.html#breadcrumb\"},\"inLanguage\":\"en-US\",\"potentialAction\":[{\"@type\":\"ReadAction\",\"target\":[\"https:\/\/hotel-vieille-etable.com\/le-restaurant.html\"]}]},{\"@type\":\"BreadcrumbList\",\"@id\":\"https:\/\/hotel-vieille-etable.com\/le-restaurant.html#breadcrumb\",\"itemListElement\":[{\"@type\":\"ListItem\",\"position\":1,\"name\":\"Home\",\"item\":\"https:\/\/hotel-vieille-etable.com\/\"},{\"@type\":\"ListItem\",\"position\":2,\"name\":\"Le Restaurant proche d&#8217;Angouleme\"}]},{\"@type\":\"WebSite\",\"@id\":\"https:\/\/hotel-vieille-etable.com\/#website\",\"url\":\"https:\/\/hotel-vieille-etable.com\/\",\"name\":\"No Blog Title Set\",\"description\":\"\",\"publisher\":{\"@id\":\"https:\/\/hotel-vieille-etable.com\/#organization\"},\"potentialAction\":[{\"@type\":\"SearchAction\",\"target\":{\"@type\":\"EntryPoint\",\"urlTemplate\":\"https:\/\/hotel-vieille-etable.com\/?s={search_term_string}\"},\"query-input\":{\"@type\":\"PropertyValueSpecification\",\"valueRequired\":true,\"valueName\":\"search_term_string\"}}],\"inLanguage\":\"en-US\"},{\"@type\":\"Organization\",\"@id\":\"https:\/\/hotel-vieille-etable.com\/#organization\",\"name\":\"No Blog Title Set\",\"url\":\"https:\/\/hotel-vieille-etable.com\/\",\"logo\":{\"@type\":\"ImageObject\",\"inLanguage\":\"en-US\",\"@id\":\"https:\/\/hotel-vieille-etable.com\/#\/schema\/logo\/image\/\",\"url\":\"https:\/\/hotel-vieille-etable.com\/wp-content\/uploads\/2025\/07\/0aabe000-f0a0-4dc9-996b-b842cd0b6d07_removalai_preview.png\",\"contentUrl\":\"https:\/\/hotel-vieille-etable.com\/wp-content\/uploads\/2025\/07\/0aabe000-f0a0-4dc9-996b-b842cd0b6d07_removalai_preview.png\",\"width\":227,\"height\":72,\"caption\":\"No Blog Title Set\"},\"image\":{\"@id\":\"https:\/\/hotel-vieille-etable.com\/#\/schema\/logo\/image\/\"}}]}<\/script>\n<!-- \/ Yoast SEO plugin. -->","yoast_head_json":{"title":"Le Restaurant proche d'Angouleme - Hotel Restaurant \"La Vieille Etable\" \u00e0 Roullet vers Angouleme en Charente","description":"A 15 Km au sud d'Angoul\u00eame, La Vieille Etable est un restaurant gastronomique \u00e0 Roullet","robots":{"index":"index","follow":"follow","max-snippet":"max-snippet:-1","max-image-preview":"max-image-preview:large","max-video-preview":"max-video-preview:-1"},"canonical":"https:\/\/hotel-vieille-etable.com\/le-restaurant.html","og_locale":"en_US","og_type":"article","og_title":"Le Restaurant proche d'Angouleme - Hotel Restaurant \"La Vieille Etable\" \u00e0 Roullet vers Angouleme en Charente","og_description":"A 15 Km au sud d'Angoul\u00eame, La Vieille Etable est un restaurant gastronomique \u00e0 Roullet","og_url":"https:\/\/hotel-vieille-etable.com\/le-restaurant.html","og_site_name":"No Blog Title Set","article_modified_time":"2025-07-21T16:58:58+00:00","twitter_card":"summary_large_image","twitter_misc":{"Est. reading time":"1 minute"},"schema":{"@context":"https:\/\/schema.org","@graph":[{"@type":"WebPage","@id":"https:\/\/hotel-vieille-etable.com\/le-restaurant.html","url":"https:\/\/hotel-vieille-etable.com\/le-restaurant.html","name":"Le Restaurant proche d'Angouleme - Hotel Restaurant \"La Vieille Etable\" \u00e0 Roullet vers Angouleme en Charente","isPartOf":{"@id":"https:\/\/hotel-vieille-etable.com\/#website"},"datePublished":"2025-07-21T16:58:51+00:00","dateModified":"2025-07-21T16:58:58+00:00","description":"A 15 Km au sud d'Angoul\u00eame, La Vieille Etable est un restaurant gastronomique \u00e0 Roullet","breadcrumb":{"@id":"https:\/\/hotel-vieille-etable.com\/le-restaurant.html#breadcrumb"},"inLanguage":"en-US","potentialAction":[{"@type":"ReadAction","target":["https:\/\/hotel-vieille-etable.com\/le-restaurant.html"]}]},{"@type":"BreadcrumbList","@id":"https:\/\/hotel-vieille-etable.com\/le-restaurant.html#breadcrumb","itemListElement":[{"@type":"ListItem","position":1,"name":"Home","item":"https:\/\/hotel-vieille-etable.com\/"},{"@type":"ListItem","position":2,"name":"Le Restaurant proche d&#8217;Angouleme"}]},{"@type":"WebSite","@id":"https:\/\/hotel-vieille-etable.com\/#website","url":"https:\/\/hotel-vieille-etable.com\/","name":"No Blog Title Set","description":"","publisher":{"@id":"https:\/\/hotel-vieille-etable.com\/#organization"},"potentialAction":[{"@type":"SearchAction","target":{"@type":"EntryPoint","urlTemplate":"https:\/\/hotel-vieille-etable.com\/?s={search_term_string}"},"query-input":{"@type":"PropertyValueSpecification","valueRequired":true,"valueName":"search_term_string"}}],"inLanguage":"en-US"},{"@type":"Organization","@id":"https:\/\/hotel-vieille-etable.com\/#organization","name":"No Blog Title Set","url":"https:\/\/hotel-vieille-etable.com\/","logo":{"@type":"ImageObject","inLanguage":"en-US","@id":"https:\/\/hotel-vieille-etable.com\/#\/schema\/logo\/image\/","url":"https:\/\/hotel-vieille-etable.com\/wp-content\/uploads\/2025\/07\/0aabe000-f0a0-4dc9-996b-b842cd0b6d07_removalai_preview.png","contentUrl":"https:\/\/hotel-vieille-etable.com\/wp-content\/uploads\/2025\/07\/0aabe000-f0a0-4dc9-996b-b842cd0b6d07_removalai_preview.png","width":227,"height":72,"caption":"No Blog Title Set"},"image":{"@id":"https:\/\/hotel-vieille-etable.com\/#\/schema\/logo\/image\/"}}]}},"_links":{"self":[{"href":"https:\/\/hotel-vieille-etable.com\/index.php\/wp-json\/wp\/v2\/pages\/62","targetHints":{"allow":["GET"]}}],"collection":[{"href":"https:\/\/hotel-vieille-etable.com\/index.php\/wp-json\/wp\/v2\/pages"}],"about":[{"href":"https:\/\/hotel-vieille-etable.com\/index.php\/wp-json\/wp\/v2\/types\/page"}],"author":[{"embeddable":true,"href":"https:\/\/hotel-vieille-etable.com\/index.php\/wp-json\/wp\/v2\/users\/1"}],"replies":[{"embeddable":true,"href":"https:\/\/hotel-vieille-etable.com\/index.php\/wp-json\/wp\/v2\/comments?post=62"}],"version-history":[{"count":1,"href":"https:\/\/hotel-vieille-etable.com\/index.php\/wp-json\/wp\/v2\/pages\/62\/revisions"}],"predecessor-version":[{"id":63,"href":"https:\/\/hotel-vieille-etable.com\/index.php\/wp-json\/wp\/v2\/pages\/62\/revisions\/63"}],"wp:attachment":[{"href":"https:\/\/hotel-vieille-etable.com\/index.php\/wp-json\/wp\/v2\/media?parent=62"}],"curies":[{"name":"wp","href":"https:\/\/api.w.org\/{rel}","templated":true}]}}