{"id":58,"date":"2025-07-21T16:56:39","date_gmt":"2025-07-21T16:56:39","guid":{"rendered":"https:\/\/hotel-vieille-etable.com\/?page_id=58"},"modified":"2025-07-21T16:56:55","modified_gmt":"2025-07-21T16:56:55","slug":"petit-dejeuner","status":"publish","type":"page","link":"https:\/\/hotel-vieille-etable.com\/petit-dejeuner.html","title":{"rendered":"Petit-D\u00e9jeuner"},"content":{"rendered":"\n<div class=\"wp-block-columns is-layout-flex wp-container-core-columns-is-layout-28f84493 wp-block-columns-is-layout-flex\">\n<div class=\"wp-block-column is-layout-flow wp-block-column-is-layout-flow\">\n<h3 class=\"wp-block-heading has-text-align-center\"><strong><em>Pour votre Petit D\u00e9jeuner Bio<\/em><\/strong><\/h3>\n\n\n\n<figure class=\"wp-block-image aligncenter size-full is-resized\"><img loading=\"lazy\" decoding=\"async\" width=\"176\" height=\"176\" src=\"https:\/\/hotel-vieille-etable.com\/wp-content\/uploads\/2025\/07\/Agriculture-Bio.jpg\" alt=\"hotel-vieille-etable\" class=\"wp-image-59\" style=\"width:94px;height:auto\" srcset=\"https:\/\/hotel-vieille-etable.com\/wp-content\/uploads\/2025\/07\/Agriculture-Bio.jpg 176w, https:\/\/hotel-vieille-etable.com\/wp-content\/uploads\/2025\/07\/Agriculture-Bio-150x150.jpg 150w\" sizes=\"auto, (max-width: 176px) 100vw, 176px\" \/><\/figure>\n\n\n\n<p class=\"has-text-align-center\"><strong>Nous mettons \u00e0 votre disposition<em><br>Yaourt, Compote<br>Oeufs suivant arrivage<br>C\u00e9r\u00e9ales<br>Galette de riz<br>Galette de ma\u00efs<br>Galette aux 4 c\u00e9r\u00e9ales<br>Pain grill\u00e9<br>Sucre, Miel<br>Nombreux th\u00e9s et infusions<\/em><\/strong><\/p>\n<\/div>\n\n\n\n<div class=\"wp-block-column is-layout-flow wp-block-column-is-layout-flow\">\n<h3 class=\"wp-block-heading has-text-align-center\"><strong><em>Pour votre petit d\u00e9jeuner<\/em><\/strong><\/h3>\n\n\n\n<figure class=\"wp-block-image aligncenter size-full is-resized\"><img loading=\"lazy\" decoding=\"async\" width=\"246\" height=\"182\" src=\"https:\/\/hotel-vieille-etable.com\/wp-content\/uploads\/2025\/07\/petit-dejeuner.jpg\" alt=\"hotel-vieille-etable\" class=\"wp-image-60\" style=\"width:100px;height:auto\"\/><\/figure>\n\n\n\n<p class=\"has-text-align-center\"><strong>Nous mettons \u00e0 votre disposition<em><br>Boissons chaudes (Caf\u00e9, th\u00e9, chocolat, lait)<br>Jus d\u2019orange press\u00e9, jus de pommes press\u00e9<br>Charcuteries<br>\u0152ufs (coque, omelette, brouill\u00e9s)<br>Fromages<br>Salade de fruits frais<br>Fruits secs, C\u00e9r\u00e9ales<br>P\u00e2te \u00e0 tartiner au chocolat<br>Viennoiseries<br>Petits pains, baguette<br>Yaourt, compote<br>Confiture maison, Miel<\/em><\/strong><\/p>\n<\/div>\n<\/div>\n\n\n\n<p><\/p>\n","protected":false},"excerpt":{"rendered":"<p>Pour votre Petit D\u00e9jeuner Bio Nous mettons \u00e0 votre dispositionYaourt, CompoteOeufs suivant arrivageC\u00e9r\u00e9alesGalette de rizGalette de ma\u00efsGalette aux 4 c\u00e9r\u00e9alesPain grill\u00e9Sucre, MielNombreux th\u00e9s et infusions Pour votre petit d\u00e9jeuner Nous mettons \u00e0 votre dispositionBoissons chaudes (Caf\u00e9, th\u00e9, chocolat, lait)Jus d\u2019orange press\u00e9, jus de pommes press\u00e9Charcuteries\u0152ufs (coque, omelette, brouill\u00e9s)FromagesSalade de fruits fraisFruits secs, C\u00e9r\u00e9alesP\u00e2te \u00e0 tartiner [&hellip;]<\/p>\n","protected":false},"author":1,"featured_media":0,"parent":0,"menu_order":0,"comment_status":"closed","ping_status":"closed","template":"","meta":{"footnotes":""},"class_list":["post-58","page","type-page","status-publish","hentry"],"yoast_head":"<!-- This site is optimized with the Yoast SEO plugin v25.6 - https:\/\/yoast.com\/wordpress\/plugins\/seo\/ -->\n<title>Petit-D\u00e9jeuner - Hotel Restaurant &quot;La Vieille Etable&quot; \u00e0 Roullet vers Angouleme en Charente<\/title>\n<meta name=\"description\" content=\"Boissons chaudes (Caf\u00e9, th\u00e9, chocolat, lait)Jus d\u2019orange press\u00e9, jus de pommes press\u00e9Charcuteries\" \/>\n<meta name=\"robots\" content=\"index, follow, max-snippet:-1, max-image-preview:large, max-video-preview:-1\" \/>\n<link rel=\"canonical\" href=\"https:\/\/hotel-vieille-etable.com\/petit-dejeuner.html\" \/>\n<meta property=\"og:locale\" content=\"en_US\" \/>\n<meta property=\"og:type\" content=\"article\" \/>\n<meta property=\"og:title\" content=\"Petit-D\u00e9jeuner - Hotel Restaurant &quot;La Vieille Etable&quot; \u00e0 Roullet vers Angouleme en Charente\" \/>\n<meta property=\"og:description\" content=\"Boissons chaudes (Caf\u00e9, th\u00e9, chocolat, lait)Jus d\u2019orange press\u00e9, jus de pommes press\u00e9Charcuteries\" \/>\n<meta property=\"og:url\" content=\"https:\/\/hotel-vieille-etable.com\/petit-dejeuner.html\" \/>\n<meta property=\"og:site_name\" content=\"No Blog Title Set\" \/>\n<meta property=\"article:modified_time\" content=\"2025-07-21T16:56:55+00:00\" \/>\n<meta property=\"og:image\" content=\"https:\/\/hotel-vieille-etable.com\/wp-content\/uploads\/2025\/07\/Agriculture-Bio.jpg\" \/>\n\t<meta property=\"og:image:width\" content=\"176\" \/>\n\t<meta property=\"og:image:height\" content=\"176\" \/>\n\t<meta property=\"og:image:type\" content=\"image\/jpeg\" \/>\n<meta name=\"twitter:card\" content=\"summary_large_image\" \/>\n<meta name=\"twitter:label1\" content=\"Est. reading time\" \/>\n\t<meta name=\"twitter:data1\" content=\"1 minute\" \/>\n<script type=\"application\/ld+json\" class=\"yoast-schema-graph\">{\"@context\":\"https:\/\/schema.org\",\"@graph\":[{\"@type\":\"WebPage\",\"@id\":\"https:\/\/hotel-vieille-etable.com\/petit-dejeuner.html\",\"url\":\"https:\/\/hotel-vieille-etable.com\/petit-dejeuner.html\",\"name\":\"Petit-D\u00e9jeuner - Hotel Restaurant \\\"La Vieille Etable\\\" \u00e0 Roullet vers Angouleme en Charente\",\"isPartOf\":{\"@id\":\"https:\/\/hotel-vieille-etable.com\/#website\"},\"primaryImageOfPage\":{\"@id\":\"https:\/\/hotel-vieille-etable.com\/petit-dejeuner.html#primaryimage\"},\"image\":{\"@id\":\"https:\/\/hotel-vieille-etable.com\/petit-dejeuner.html#primaryimage\"},\"thumbnailUrl\":\"https:\/\/hotel-vieille-etable.com\/wp-content\/uploads\/2025\/07\/Agriculture-Bio.jpg\",\"datePublished\":\"2025-07-21T16:56:39+00:00\",\"dateModified\":\"2025-07-21T16:56:55+00:00\",\"description\":\"Boissons chaudes (Caf\u00e9, th\u00e9, chocolat, lait)Jus d\u2019orange press\u00e9, jus de pommes press\u00e9Charcuteries\",\"breadcrumb\":{\"@id\":\"https:\/\/hotel-vieille-etable.com\/petit-dejeuner.html#breadcrumb\"},\"inLanguage\":\"en-US\",\"potentialAction\":[{\"@type\":\"ReadAction\",\"target\":[\"https:\/\/hotel-vieille-etable.com\/petit-dejeuner.html\"]}]},{\"@type\":\"ImageObject\",\"inLanguage\":\"en-US\",\"@id\":\"https:\/\/hotel-vieille-etable.com\/petit-dejeuner.html#primaryimage\",\"url\":\"https:\/\/hotel-vieille-etable.com\/wp-content\/uploads\/2025\/07\/Agriculture-Bio.jpg\",\"contentUrl\":\"https:\/\/hotel-vieille-etable.com\/wp-content\/uploads\/2025\/07\/Agriculture-Bio.jpg\",\"width\":176,\"height\":176},{\"@type\":\"BreadcrumbList\",\"@id\":\"https:\/\/hotel-vieille-etable.com\/petit-dejeuner.html#breadcrumb\",\"itemListElement\":[{\"@type\":\"ListItem\",\"position\":1,\"name\":\"Home\",\"item\":\"https:\/\/hotel-vieille-etable.com\/\"},{\"@type\":\"ListItem\",\"position\":2,\"name\":\"Petit-D\u00e9jeuner\"}]},{\"@type\":\"WebSite\",\"@id\":\"https:\/\/hotel-vieille-etable.com\/#website\",\"url\":\"https:\/\/hotel-vieille-etable.com\/\",\"name\":\"No Blog Title Set\",\"description\":\"\",\"publisher\":{\"@id\":\"https:\/\/hotel-vieille-etable.com\/#organization\"},\"potentialAction\":[{\"@type\":\"SearchAction\",\"target\":{\"@type\":\"EntryPoint\",\"urlTemplate\":\"https:\/\/hotel-vieille-etable.com\/?s={search_term_string}\"},\"query-input\":{\"@type\":\"PropertyValueSpecification\",\"valueRequired\":true,\"valueName\":\"search_term_string\"}}],\"inLanguage\":\"en-US\"},{\"@type\":\"Organization\",\"@id\":\"https:\/\/hotel-vieille-etable.com\/#organization\",\"name\":\"No Blog Title Set\",\"url\":\"https:\/\/hotel-vieille-etable.com\/\",\"logo\":{\"@type\":\"ImageObject\",\"inLanguage\":\"en-US\",\"@id\":\"https:\/\/hotel-vieille-etable.com\/#\/schema\/logo\/image\/\",\"url\":\"https:\/\/hotel-vieille-etable.com\/wp-content\/uploads\/2025\/07\/0aabe000-f0a0-4dc9-996b-b842cd0b6d07_removalai_preview.png\",\"contentUrl\":\"https:\/\/hotel-vieille-etable.com\/wp-content\/uploads\/2025\/07\/0aabe000-f0a0-4dc9-996b-b842cd0b6d07_removalai_preview.png\",\"width\":227,\"height\":72,\"caption\":\"No Blog Title Set\"},\"image\":{\"@id\":\"https:\/\/hotel-vieille-etable.com\/#\/schema\/logo\/image\/\"}}]}<\/script>\n<!-- \/ Yoast SEO plugin. -->","yoast_head_json":{"title":"Petit-D\u00e9jeuner - Hotel Restaurant \"La Vieille Etable\" \u00e0 Roullet vers Angouleme en Charente","description":"Boissons chaudes (Caf\u00e9, th\u00e9, chocolat, lait)Jus d\u2019orange press\u00e9, jus de pommes press\u00e9Charcuteries","robots":{"index":"index","follow":"follow","max-snippet":"max-snippet:-1","max-image-preview":"max-image-preview:large","max-video-preview":"max-video-preview:-1"},"canonical":"https:\/\/hotel-vieille-etable.com\/petit-dejeuner.html","og_locale":"en_US","og_type":"article","og_title":"Petit-D\u00e9jeuner - Hotel Restaurant \"La Vieille Etable\" \u00e0 Roullet vers Angouleme en Charente","og_description":"Boissons chaudes (Caf\u00e9, th\u00e9, chocolat, lait)Jus d\u2019orange press\u00e9, jus de pommes press\u00e9Charcuteries","og_url":"https:\/\/hotel-vieille-etable.com\/petit-dejeuner.html","og_site_name":"No Blog Title Set","article_modified_time":"2025-07-21T16:56:55+00:00","og_image":[{"width":176,"height":176,"url":"https:\/\/hotel-vieille-etable.com\/wp-content\/uploads\/2025\/07\/Agriculture-Bio.jpg","type":"image\/jpeg"}],"twitter_card":"summary_large_image","twitter_misc":{"Est. reading time":"1 minute"},"schema":{"@context":"https:\/\/schema.org","@graph":[{"@type":"WebPage","@id":"https:\/\/hotel-vieille-etable.com\/petit-dejeuner.html","url":"https:\/\/hotel-vieille-etable.com\/petit-dejeuner.html","name":"Petit-D\u00e9jeuner - Hotel Restaurant \"La Vieille Etable\" \u00e0 Roullet vers Angouleme en Charente","isPartOf":{"@id":"https:\/\/hotel-vieille-etable.com\/#website"},"primaryImageOfPage":{"@id":"https:\/\/hotel-vieille-etable.com\/petit-dejeuner.html#primaryimage"},"image":{"@id":"https:\/\/hotel-vieille-etable.com\/petit-dejeuner.html#primaryimage"},"thumbnailUrl":"https:\/\/hotel-vieille-etable.com\/wp-content\/uploads\/2025\/07\/Agriculture-Bio.jpg","datePublished":"2025-07-21T16:56:39+00:00","dateModified":"2025-07-21T16:56:55+00:00","description":"Boissons chaudes (Caf\u00e9, th\u00e9, chocolat, lait)Jus d\u2019orange press\u00e9, jus de pommes press\u00e9Charcuteries","breadcrumb":{"@id":"https:\/\/hotel-vieille-etable.com\/petit-dejeuner.html#breadcrumb"},"inLanguage":"en-US","potentialAction":[{"@type":"ReadAction","target":["https:\/\/hotel-vieille-etable.com\/petit-dejeuner.html"]}]},{"@type":"ImageObject","inLanguage":"en-US","@id":"https:\/\/hotel-vieille-etable.com\/petit-dejeuner.html#primaryimage","url":"https:\/\/hotel-vieille-etable.com\/wp-content\/uploads\/2025\/07\/Agriculture-Bio.jpg","contentUrl":"https:\/\/hotel-vieille-etable.com\/wp-content\/uploads\/2025\/07\/Agriculture-Bio.jpg","width":176,"height":176},{"@type":"BreadcrumbList","@id":"https:\/\/hotel-vieille-etable.com\/petit-dejeuner.html#breadcrumb","itemListElement":[{"@type":"ListItem","position":1,"name":"Home","item":"https:\/\/hotel-vieille-etable.com\/"},{"@type":"ListItem","position":2,"name":"Petit-D\u00e9jeuner"}]},{"@type":"WebSite","@id":"https:\/\/hotel-vieille-etable.com\/#website","url":"https:\/\/hotel-vieille-etable.com\/","name":"No Blog Title Set","description":"","publisher":{"@id":"https:\/\/hotel-vieille-etable.com\/#organization"},"potentialAction":[{"@type":"SearchAction","target":{"@type":"EntryPoint","urlTemplate":"https:\/\/hotel-vieille-etable.com\/?s={search_term_string}"},"query-input":{"@type":"PropertyValueSpecification","valueRequired":true,"valueName":"search_term_string"}}],"inLanguage":"en-US"},{"@type":"Organization","@id":"https:\/\/hotel-vieille-etable.com\/#organization","name":"No Blog Title Set","url":"https:\/\/hotel-vieille-etable.com\/","logo":{"@type":"ImageObject","inLanguage":"en-US","@id":"https:\/\/hotel-vieille-etable.com\/#\/schema\/logo\/image\/","url":"https:\/\/hotel-vieille-etable.com\/wp-content\/uploads\/2025\/07\/0aabe000-f0a0-4dc9-996b-b842cd0b6d07_removalai_preview.png","contentUrl":"https:\/\/hotel-vieille-etable.com\/wp-content\/uploads\/2025\/07\/0aabe000-f0a0-4dc9-996b-b842cd0b6d07_removalai_preview.png","width":227,"height":72,"caption":"No Blog Title Set"},"image":{"@id":"https:\/\/hotel-vieille-etable.com\/#\/schema\/logo\/image\/"}}]}},"_links":{"self":[{"href":"https:\/\/hotel-vieille-etable.com\/index.php\/wp-json\/wp\/v2\/pages\/58","targetHints":{"allow":["GET"]}}],"collection":[{"href":"https:\/\/hotel-vieille-etable.com\/index.php\/wp-json\/wp\/v2\/pages"}],"about":[{"href":"https:\/\/hotel-vieille-etable.com\/index.php\/wp-json\/wp\/v2\/types\/page"}],"author":[{"embeddable":true,"href":"https:\/\/hotel-vieille-etable.com\/index.php\/wp-json\/wp\/v2\/users\/1"}],"replies":[{"embeddable":true,"href":"https:\/\/hotel-vieille-etable.com\/index.php\/wp-json\/wp\/v2\/comments?post=58"}],"version-history":[{"count":1,"href":"https:\/\/hotel-vieille-etable.com\/index.php\/wp-json\/wp\/v2\/pages\/58\/revisions"}],"predecessor-version":[{"id":61,"href":"https:\/\/hotel-vieille-etable.com\/index.php\/wp-json\/wp\/v2\/pages\/58\/revisions\/61"}],"wp:attachment":[{"href":"https:\/\/hotel-vieille-etable.com\/index.php\/wp-json\/wp\/v2\/media?parent=58"}],"curies":[{"name":"wp","href":"https:\/\/api.w.org\/{rel}","templated":true}]}}