{"id":56,"date":"2025-07-21T16:53:29","date_gmt":"2025-07-21T16:53:29","guid":{"rendered":"https:\/\/hotel-vieille-etable.com\/?page_id=56"},"modified":"2025-07-21T17:20:35","modified_gmt":"2025-07-21T17:20:35","slug":"lhotel-de-charme-proche-dangouleme","status":"publish","type":"page","link":"https:\/\/hotel-vieille-etable.com\/l-hotel.html","title":{"rendered":"L&#8217;Hotel de charme proche d&#8217;angouleme"},"content":{"rendered":"\n<p>D\u00e9tente, loisirs et forme : l&#8217;h\u00f4tel met \u00e0 la disposition de sa client\u00e8le un bar, 29 chambres au confort 3 \u00e9toiles, 2 terrains de tennis, table de ping-pong, babington, location de v\u00e9lo, p\u00eache et sauna.<\/p>\n\n\n\n<p>Un service de lingerie est \u00e9galement disponible.<br><strong><br>15 chambres classiques (1 \u00e0 2 personnes) &nbsp;et 1 chambre classique familiale (4 personnes max) :<\/strong><\/p>\n\n\n\n<p>&#8211; Douche \u00e0 l&#8217;italienne, s\u00e8che-cheveux, toilettes, t\u00e9l\u00e9phone direct, TV LCD avec Sat. et TNT et <strong>Canal+<\/strong>, acc\u00e8s internet en Wifi et mini bar.<\/p>\n\n\n\n<p><strong><br>12 chambres sup\u00e9rieures personnalis\u00e9es :<\/strong><\/p>\n\n\n\n<p>&#8211; Climatisation, Coffre-fort, Douche \u00e0 l&#8217;italienne ou baignoire, s\u00e8che-cheveux, peignoirs, toilettes, t\u00e9l\u00e9phone direct, TV LCD avec Sat. et TNT et <strong>Canal+<\/strong>, acc\u00e8s internet en Wifi et mini bar.<\/p>\n\n\n\n<p><strong>1 chambre Deluxe 30 m2 (jusqu&#8217;\u00e0 4 personnes) :<\/strong><\/p>\n\n\n\n<p>&#8211; Climatisation, Coffre-fort, Douche ou Salle de Bain, s\u00e8che-cheveux, peignoirs, toilettes, t\u00e9l\u00e9phone direct, TV LCD avec Sat. et TNT, acc\u00e8s internet en Wifi et mini bar.<br><br><strong>2 suites de 50m2 (jusqu&#8217;\u00e0 4 personnes) :<\/strong><br>&#8211; 1 Salon, 1 Chambre et 1 Salle de Bain avec Douche et Baignoire Baln\u00e9o, s\u00e8che-cheveux, peignoirs, toilettes, t\u00e9l\u00e9phone direct, 2 TV LCD avec Sat., TNT et lecteur Blu-Ray, acc\u00e8s internet avec Ordinateur et imprimante dans la suite et mini bar.<\/p>\n\n\n\n<p><br><strong>Pour les parents et le confort des enfants :<br><\/strong>Nous mettons gracieusement \u00e0 votre disposition suivant disponibilit\u00e9 : lits b\u00e9b\u00e9, table \u00e0 langer avec baignoire, chaises hautes, r\u00e9hausseurs, du coloriage et un baby phone.<br><br><a href=\"\/petit-dejeuner.html\">Nos formules petit-d\u00e9jeuner.<\/a><br><br>Et si vous le d\u00e9sirez rayonner dans la belle campagne environnante, vous pouvez louer un v\u00e9lo.<\/p>\n\n\n\n<div class=\"wp-block-columns is-layout-flex wp-container-core-columns-is-layout-28f84493 wp-block-columns-is-layout-flex\">\n<div class=\"wp-block-column is-layout-flow wp-block-column-is-layout-flow\">\n<h3 class=\"wp-block-heading has-text-align-center\">Chambres Classiques<\/h3>\n\n\n\n<figure class=\"wp-block-image aligncenter size-full\"><img loading=\"lazy\" decoding=\"async\" width=\"409\" height=\"375\" src=\"https:\/\/hotel-vieille-etable.com\/wp-content\/uploads\/2025\/07\/classique_ch.jpg\" alt=\"Chambres \" class=\"wp-image-85\" srcset=\"https:\/\/hotel-vieille-etable.com\/wp-content\/uploads\/2025\/07\/classique_ch.jpg 409w, https:\/\/hotel-vieille-etable.com\/wp-content\/uploads\/2025\/07\/classique_ch-300x275.jpg 300w\" sizes=\"auto, (max-width: 409px) 100vw, 409px\" \/><\/figure>\n<\/div>\n\n\n\n<div class=\"wp-block-column is-layout-flow wp-block-column-is-layout-flow\">\n<h3 class=\"wp-block-heading has-text-align-center\">Chambres Sup\u00e9rieures<\/h3>\n\n\n\n<figure class=\"wp-block-image aligncenter size-full\"><img loading=\"lazy\" decoding=\"async\" width=\"409\" height=\"375\" src=\"https:\/\/hotel-vieille-etable.com\/wp-content\/uploads\/2025\/07\/superieur_ch.jpg\" alt=\"Chambres Sup\u00e9rieures\" class=\"wp-image-86\" srcset=\"https:\/\/hotel-vieille-etable.com\/wp-content\/uploads\/2025\/07\/superieur_ch.jpg 409w, https:\/\/hotel-vieille-etable.com\/wp-content\/uploads\/2025\/07\/superieur_ch-300x275.jpg 300w\" sizes=\"auto, (max-width: 409px) 100vw, 409px\" \/><\/figure>\n<\/div>\n\n\n\n<div class=\"wp-block-column is-layout-flow wp-block-column-is-layout-flow\">\n<h3 class=\"wp-block-heading has-text-align-center\">Chambre <br>Deluxe<\/h3>\n\n\n\n<figure class=\"wp-block-image aligncenter size-full\"><img loading=\"lazy\" decoding=\"async\" width=\"409\" height=\"375\" src=\"https:\/\/hotel-vieille-etable.com\/wp-content\/uploads\/2025\/07\/Deluxe_ch.jpg\" alt=\"Chambre \n\" class=\"wp-image-87\" srcset=\"https:\/\/hotel-vieille-etable.com\/wp-content\/uploads\/2025\/07\/Deluxe_ch.jpg 409w, https:\/\/hotel-vieille-etable.com\/wp-content\/uploads\/2025\/07\/Deluxe_ch-300x275.jpg 300w\" sizes=\"auto, (max-width: 409px) 100vw, 409px\" \/><\/figure>\n<\/div>\n<\/div>\n\n\n\n<h3 class=\"wp-block-heading has-text-align-center\">Les Suites<\/h3>\n\n\n\n<figure class=\"wp-block-image aligncenter size-full\"><img loading=\"lazy\" decoding=\"async\" width=\"878\" height=\"320\" src=\"https:\/\/hotel-vieille-etable.com\/wp-content\/uploads\/2025\/07\/mg_3022.png\" alt=\"Les Suites\" class=\"wp-image-88\" srcset=\"https:\/\/hotel-vieille-etable.com\/wp-content\/uploads\/2025\/07\/mg_3022.png 878w, https:\/\/hotel-vieille-etable.com\/wp-content\/uploads\/2025\/07\/mg_3022-300x109.png 300w, https:\/\/hotel-vieille-etable.com\/wp-content\/uploads\/2025\/07\/mg_3022-768x280.png 768w\" sizes=\"auto, (max-width: 878px) 100vw, 878px\" \/><\/figure>\n","protected":false},"excerpt":{"rendered":"<p>D\u00e9tente, loisirs et forme : l&#8217;h\u00f4tel met \u00e0 la disposition de sa client\u00e8le un bar, 29 chambres au confort 3 \u00e9toiles, 2 terrains de tennis, table de ping-pong, babington, location de v\u00e9lo, p\u00eache et sauna. Un service de lingerie est \u00e9galement disponible.15 chambres classiques (1 \u00e0 2 personnes) &nbsp;et 1 chambre classique familiale (4 personnes [&hellip;]<\/p>\n","protected":false},"author":1,"featured_media":0,"parent":0,"menu_order":0,"comment_status":"closed","ping_status":"closed","template":"","meta":{"footnotes":""},"class_list":["post-56","page","type-page","status-publish","hentry"],"yoast_head":"<!-- This site is optimized with the Yoast SEO plugin v25.6 - https:\/\/yoast.com\/wordpress\/plugins\/seo\/ -->\n<title>L&#039;Hotel de charme proche d&#039;angouleme - Hotel Restaurant &quot;La Vieille Etable&quot; \u00e0 Roullet vers Angouleme en Charente<\/title>\n<meta name=\"description\" content=\"A 15 Km au sud d&#039;Angoul\u00eame, La Vieille Etable est un lieu d&#039;accueil privil\u00e9gi\u00e9, offrant des services complets : Hotellerie, Restauration, S\u00e9minaire.\" \/>\n<meta name=\"robots\" content=\"index, follow, max-snippet:-1, max-image-preview:large, max-video-preview:-1\" \/>\n<link rel=\"canonical\" href=\"https:\/\/hotel-vieille-etable.com\/l-hotel.html\" \/>\n<meta property=\"og:locale\" content=\"en_US\" \/>\n<meta property=\"og:type\" content=\"article\" \/>\n<meta property=\"og:title\" content=\"L&#039;Hotel de charme proche d&#039;angouleme - Hotel Restaurant &quot;La Vieille Etable&quot; \u00e0 Roullet vers Angouleme en Charente\" \/>\n<meta property=\"og:description\" content=\"A 15 Km au sud d&#039;Angoul\u00eame, La Vieille Etable est un lieu d&#039;accueil privil\u00e9gi\u00e9, offrant des services complets : Hotellerie, Restauration, S\u00e9minaire.\" \/>\n<meta property=\"og:url\" content=\"https:\/\/hotel-vieille-etable.com\/l-hotel.html\" \/>\n<meta property=\"og:site_name\" content=\"No Blog Title Set\" \/>\n<meta property=\"article:modified_time\" content=\"2025-07-21T17:20:35+00:00\" \/>\n<meta property=\"og:image\" content=\"https:\/\/hotel-vieille-etable.com\/wp-content\/uploads\/2025\/07\/classique_ch.jpg\" \/>\n\t<meta property=\"og:image:width\" content=\"409\" \/>\n\t<meta property=\"og:image:height\" content=\"375\" \/>\n\t<meta property=\"og:image:type\" content=\"image\/jpeg\" \/>\n<meta name=\"twitter:card\" content=\"summary_large_image\" \/>\n<meta name=\"twitter:label1\" content=\"Est. reading time\" \/>\n\t<meta name=\"twitter:data1\" content=\"2 minutes\" \/>\n<script type=\"application\/ld+json\" class=\"yoast-schema-graph\">{\"@context\":\"https:\/\/schema.org\",\"@graph\":[{\"@type\":\"WebPage\",\"@id\":\"https:\/\/hotel-vieille-etable.com\/l-hotel.html\",\"url\":\"https:\/\/hotel-vieille-etable.com\/l-hotel.html\",\"name\":\"L'Hotel de charme proche d'angouleme - Hotel Restaurant \\\"La Vieille Etable\\\" \u00e0 Roullet vers Angouleme en Charente\",\"isPartOf\":{\"@id\":\"https:\/\/hotel-vieille-etable.com\/#website\"},\"primaryImageOfPage\":{\"@id\":\"https:\/\/hotel-vieille-etable.com\/l-hotel.html#primaryimage\"},\"image\":{\"@id\":\"https:\/\/hotel-vieille-etable.com\/l-hotel.html#primaryimage\"},\"thumbnailUrl\":\"https:\/\/hotel-vieille-etable.com\/wp-content\/uploads\/2025\/07\/classique_ch.jpg\",\"datePublished\":\"2025-07-21T16:53:29+00:00\",\"dateModified\":\"2025-07-21T17:20:35+00:00\",\"description\":\"A 15 Km au sud d'Angoul\u00eame, La Vieille Etable est un lieu d'accueil privil\u00e9gi\u00e9, offrant des services complets : Hotellerie, Restauration, S\u00e9minaire.\",\"breadcrumb\":{\"@id\":\"https:\/\/hotel-vieille-etable.com\/l-hotel.html#breadcrumb\"},\"inLanguage\":\"en-US\",\"potentialAction\":[{\"@type\":\"ReadAction\",\"target\":[\"https:\/\/hotel-vieille-etable.com\/l-hotel.html\"]}]},{\"@type\":\"ImageObject\",\"inLanguage\":\"en-US\",\"@id\":\"https:\/\/hotel-vieille-etable.com\/l-hotel.html#primaryimage\",\"url\":\"https:\/\/hotel-vieille-etable.com\/wp-content\/uploads\/2025\/07\/classique_ch.jpg\",\"contentUrl\":\"https:\/\/hotel-vieille-etable.com\/wp-content\/uploads\/2025\/07\/classique_ch.jpg\",\"width\":409,\"height\":375},{\"@type\":\"BreadcrumbList\",\"@id\":\"https:\/\/hotel-vieille-etable.com\/l-hotel.html#breadcrumb\",\"itemListElement\":[{\"@type\":\"ListItem\",\"position\":1,\"name\":\"Home\",\"item\":\"https:\/\/hotel-vieille-etable.com\/\"},{\"@type\":\"ListItem\",\"position\":2,\"name\":\"L&#8217;Hotel de charme proche d&#8217;angouleme\"}]},{\"@type\":\"WebSite\",\"@id\":\"https:\/\/hotel-vieille-etable.com\/#website\",\"url\":\"https:\/\/hotel-vieille-etable.com\/\",\"name\":\"No Blog Title Set\",\"description\":\"\",\"publisher\":{\"@id\":\"https:\/\/hotel-vieille-etable.com\/#organization\"},\"potentialAction\":[{\"@type\":\"SearchAction\",\"target\":{\"@type\":\"EntryPoint\",\"urlTemplate\":\"https:\/\/hotel-vieille-etable.com\/?s={search_term_string}\"},\"query-input\":{\"@type\":\"PropertyValueSpecification\",\"valueRequired\":true,\"valueName\":\"search_term_string\"}}],\"inLanguage\":\"en-US\"},{\"@type\":\"Organization\",\"@id\":\"https:\/\/hotel-vieille-etable.com\/#organization\",\"name\":\"No Blog Title Set\",\"url\":\"https:\/\/hotel-vieille-etable.com\/\",\"logo\":{\"@type\":\"ImageObject\",\"inLanguage\":\"en-US\",\"@id\":\"https:\/\/hotel-vieille-etable.com\/#\/schema\/logo\/image\/\",\"url\":\"https:\/\/hotel-vieille-etable.com\/wp-content\/uploads\/2025\/07\/0aabe000-f0a0-4dc9-996b-b842cd0b6d07_removalai_preview.png\",\"contentUrl\":\"https:\/\/hotel-vieille-etable.com\/wp-content\/uploads\/2025\/07\/0aabe000-f0a0-4dc9-996b-b842cd0b6d07_removalai_preview.png\",\"width\":227,\"height\":72,\"caption\":\"No Blog Title Set\"},\"image\":{\"@id\":\"https:\/\/hotel-vieille-etable.com\/#\/schema\/logo\/image\/\"}}]}<\/script>\n<!-- \/ Yoast SEO plugin. -->","yoast_head_json":{"title":"L'Hotel de charme proche d'angouleme - Hotel Restaurant \"La Vieille Etable\" \u00e0 Roullet vers Angouleme en Charente","description":"A 15 Km au sud d'Angoul\u00eame, La Vieille Etable est un lieu d'accueil privil\u00e9gi\u00e9, offrant des services complets : Hotellerie, Restauration, S\u00e9minaire.","robots":{"index":"index","follow":"follow","max-snippet":"max-snippet:-1","max-image-preview":"max-image-preview:large","max-video-preview":"max-video-preview:-1"},"canonical":"https:\/\/hotel-vieille-etable.com\/l-hotel.html","og_locale":"en_US","og_type":"article","og_title":"L'Hotel de charme proche d'angouleme - Hotel Restaurant \"La Vieille Etable\" \u00e0 Roullet vers Angouleme en Charente","og_description":"A 15 Km au sud d'Angoul\u00eame, La Vieille Etable est un lieu d'accueil privil\u00e9gi\u00e9, offrant des services complets : Hotellerie, Restauration, S\u00e9minaire.","og_url":"https:\/\/hotel-vieille-etable.com\/l-hotel.html","og_site_name":"No Blog Title Set","article_modified_time":"2025-07-21T17:20:35+00:00","og_image":[{"width":409,"height":375,"url":"https:\/\/hotel-vieille-etable.com\/wp-content\/uploads\/2025\/07\/classique_ch.jpg","type":"image\/jpeg"}],"twitter_card":"summary_large_image","twitter_misc":{"Est. reading time":"2 minutes"},"schema":{"@context":"https:\/\/schema.org","@graph":[{"@type":"WebPage","@id":"https:\/\/hotel-vieille-etable.com\/l-hotel.html","url":"https:\/\/hotel-vieille-etable.com\/l-hotel.html","name":"L'Hotel de charme proche d'angouleme - Hotel Restaurant \"La Vieille Etable\" \u00e0 Roullet vers Angouleme en Charente","isPartOf":{"@id":"https:\/\/hotel-vieille-etable.com\/#website"},"primaryImageOfPage":{"@id":"https:\/\/hotel-vieille-etable.com\/l-hotel.html#primaryimage"},"image":{"@id":"https:\/\/hotel-vieille-etable.com\/l-hotel.html#primaryimage"},"thumbnailUrl":"https:\/\/hotel-vieille-etable.com\/wp-content\/uploads\/2025\/07\/classique_ch.jpg","datePublished":"2025-07-21T16:53:29+00:00","dateModified":"2025-07-21T17:20:35+00:00","description":"A 15 Km au sud d'Angoul\u00eame, La Vieille Etable est un lieu d'accueil privil\u00e9gi\u00e9, offrant des services complets : Hotellerie, Restauration, S\u00e9minaire.","breadcrumb":{"@id":"https:\/\/hotel-vieille-etable.com\/l-hotel.html#breadcrumb"},"inLanguage":"en-US","potentialAction":[{"@type":"ReadAction","target":["https:\/\/hotel-vieille-etable.com\/l-hotel.html"]}]},{"@type":"ImageObject","inLanguage":"en-US","@id":"https:\/\/hotel-vieille-etable.com\/l-hotel.html#primaryimage","url":"https:\/\/hotel-vieille-etable.com\/wp-content\/uploads\/2025\/07\/classique_ch.jpg","contentUrl":"https:\/\/hotel-vieille-etable.com\/wp-content\/uploads\/2025\/07\/classique_ch.jpg","width":409,"height":375},{"@type":"BreadcrumbList","@id":"https:\/\/hotel-vieille-etable.com\/l-hotel.html#breadcrumb","itemListElement":[{"@type":"ListItem","position":1,"name":"Home","item":"https:\/\/hotel-vieille-etable.com\/"},{"@type":"ListItem","position":2,"name":"L&#8217;Hotel de charme proche d&#8217;angouleme"}]},{"@type":"WebSite","@id":"https:\/\/hotel-vieille-etable.com\/#website","url":"https:\/\/hotel-vieille-etable.com\/","name":"No Blog Title Set","description":"","publisher":{"@id":"https:\/\/hotel-vieille-etable.com\/#organization"},"potentialAction":[{"@type":"SearchAction","target":{"@type":"EntryPoint","urlTemplate":"https:\/\/hotel-vieille-etable.com\/?s={search_term_string}"},"query-input":{"@type":"PropertyValueSpecification","valueRequired":true,"valueName":"search_term_string"}}],"inLanguage":"en-US"},{"@type":"Organization","@id":"https:\/\/hotel-vieille-etable.com\/#organization","name":"No Blog Title Set","url":"https:\/\/hotel-vieille-etable.com\/","logo":{"@type":"ImageObject","inLanguage":"en-US","@id":"https:\/\/hotel-vieille-etable.com\/#\/schema\/logo\/image\/","url":"https:\/\/hotel-vieille-etable.com\/wp-content\/uploads\/2025\/07\/0aabe000-f0a0-4dc9-996b-b842cd0b6d07_removalai_preview.png","contentUrl":"https:\/\/hotel-vieille-etable.com\/wp-content\/uploads\/2025\/07\/0aabe000-f0a0-4dc9-996b-b842cd0b6d07_removalai_preview.png","width":227,"height":72,"caption":"No Blog Title Set"},"image":{"@id":"https:\/\/hotel-vieille-etable.com\/#\/schema\/logo\/image\/"}}]}},"_links":{"self":[{"href":"https:\/\/hotel-vieille-etable.com\/index.php\/wp-json\/wp\/v2\/pages\/56","targetHints":{"allow":["GET"]}}],"collection":[{"href":"https:\/\/hotel-vieille-etable.com\/index.php\/wp-json\/wp\/v2\/pages"}],"about":[{"href":"https:\/\/hotel-vieille-etable.com\/index.php\/wp-json\/wp\/v2\/types\/page"}],"author":[{"embeddable":true,"href":"https:\/\/hotel-vieille-etable.com\/index.php\/wp-json\/wp\/v2\/users\/1"}],"replies":[{"embeddable":true,"href":"https:\/\/hotel-vieille-etable.com\/index.php\/wp-json\/wp\/v2\/comments?post=56"}],"version-history":[{"count":2,"href":"https:\/\/hotel-vieille-etable.com\/index.php\/wp-json\/wp\/v2\/pages\/56\/revisions"}],"predecessor-version":[{"id":89,"href":"https:\/\/hotel-vieille-etable.com\/index.php\/wp-json\/wp\/v2\/pages\/56\/revisions\/89"}],"wp:attachment":[{"href":"https:\/\/hotel-vieille-etable.com\/index.php\/wp-json\/wp\/v2\/media?parent=56"}],"curies":[{"name":"wp","href":"https:\/\/api.w.org\/{rel}","templated":true}]}}